{"id":865,"date":"2016-05-22T17:27:35","date_gmt":"2016-05-22T15:27:35","guid":{"rendered":"http:\/\/deutsch-schweizerischer-motorboot-club.de\/dsmc-v2\/?page_id=865"},"modified":"2016-12-28T10:09:35","modified_gmt":"2016-12-28T08:09:35","slug":"internationale-bodenseewoche","status":"publish","type":"page","link":"https:\/\/deutsch-schweizerischer-motorboot-club.de\/dsmc-v2\/?page_id=865","title":{"rendered":"Internationale Bodenseewoche"},"content":{"rendered":"<div class=\"fusion-fullwidth fullwidth-box fusion-builder-row-1 nonhundred-percent-fullwidth non-hundred-percent-height-scrolling\" style=\"--awb-background-position:left top;--awb-border-radius-top-left:0px;--awb-border-radius-top-right:0px;--awb-border-radius-bottom-right:0px;--awb-border-radius-bottom-left:0px;--awb-padding-right:10%;--awb-padding-left:10%;--awb-border-sizes-top:0px;--awb-border-sizes-bottom:0px;--awb-flex-wrap:wrap;\" ><div class=\"fusion-builder-row fusion-row\"><div class=\"fusion-layout-column fusion_builder_column fusion-builder-column-0 fusion_builder_column_1_1 1_1 fusion-one-full fusion-column-first fusion-column-last fusion-column-no-min-height\" style=\"--awb-bg-size:cover;--awb-margin-bottom:0px;\"><div class=\"fusion-column-wrapper fusion-flex-column-wrapper-legacy\"><div class=\"fusion-text fusion-text-1\"><h2>Wassersport hautnah erleben \u2013 Internationale Bodenseewoche<\/h2>\n<div class=\"entry\">\n<p>Erleben Sie den Wassersport in seinen unterschiedlichen Facetten aus n\u00e4chster N\u00e4he. Mit einem Mix aus Segel- und Ruderwettk\u00e4mpfen, Wasserskishows und einer maritimen Ausstellung kn\u00fcpft die Bodenseewoche an ihre \u00fcber 100-j\u00e4hrige Tradition an. Heute wie damals verbindet die Bodenseewoche sportliche Wettk\u00e4mpfe mit gesellschaftlichen und kulturellen Anl\u00e4ssen. Seit 2009 findet die Bodenseewoche als j\u00e4hrlich wiederkehrende Veranstaltung im Konstanzer Hafen und der Kreuzlinger Bucht statt.<strong><strong><br \/>\n<\/strong><\/strong><\/p>\n<p><img decoding=\"async\" class=\"lazyload aligncenter size-full wp-image-1050\" src=\"http:\/\/deutsch-schweizerischer-motorboot-club.de\/dsmc-v2\/wp-content\/uploads\/2016\/05\/bodenseewoche_klein.jpg\" data-orig-src=\"http:\/\/deutsch-schweizerischer-motorboot-club.de\/dsmc-v2\/wp-content\/uploads\/2016\/05\/bodenseewoche_klein.jpg\" alt=\"Bodenseewoche\" width=\"1024\" height=\"682\" srcset=\"data:image\/svg+xml,%3Csvg%20xmlns%3D%27http%3A%2F%2Fwww.w3.org%2F2000%2Fsvg%27%20width%3D%271024%27%20height%3D%27682%27%20viewBox%3D%270%200%201024%20682%27%3E%3Crect%20width%3D%271024%27%20height%3D%27682%27%20fill-opacity%3D%220%22%2F%3E%3C%2Fsvg%3E\" data-srcset=\"https:\/\/deutsch-schweizerischer-motorboot-club.de\/dsmc-v2\/wp-content\/uploads\/2016\/05\/bodenseewoche_klein-300x200.jpg 300w, https:\/\/deutsch-schweizerischer-motorboot-club.de\/dsmc-v2\/wp-content\/uploads\/2016\/05\/bodenseewoche_klein.jpg 1024w\" data-sizes=\"auto\" data-orig-sizes=\"(max-width: 1024px) 100vw, 1024px\" \/><\/p>\n<p>Zur Internationale Bodenseewoche, beherbergt unser Club ca. 150 Segelschiffe an der Mittelmole und an den Stegen.<br \/>\nEin Garant zum Gelingen sind dabei unserer Clubmitglieder, die ihre Liegepl\u00e4tze zur Verf\u00fcgung stellen.<\/p>\n<p>Wir stellen das Team zum Regattab\u00fcro und leiten eine der Bahnen auf dem Regattafeld. Der DSMC stellt dabei sein B\u00fcro im Steg 4 zur Verf\u00fcgung, dass im Zeitraum der Veranstaltung zum Organisationsb\u00fcro umfunktioniert wird.<br \/>\nWir sind planerisch f\u00fcr die Infrastruktur im Hafen zust\u00e4ndig und unsere Mitglieder sind dabei, wenn die Schwimmstege und die Mooringleinen gelegt werden.<br \/>\nUnsere <a href=\"http:\/\/deutsch-schweizerischer-motorboot-club.de\/dsmc-v2\/?page_id=460\">Wasserskiabteilung <\/a>ist u.a eine Attraktion an der Bodenseewoche, ob auf Monoski, Wakeboard oder sogar barfu\u00df zeigt die Showgruppe spektakul\u00e4re Nummern. Ob Ballett, Fahnen- und Segelparaden, \u201earound the boat\u201c oder Pyramiden \u2013 mit akrobatischen H\u00f6chstleistungen und der europaweit bekannten Night-Show ist der Auftritt ein H\u00f6hepunkt der Bodenseewoche. Am Stadtgarten, nur wenige Meter vom Ufer entfernt, erlebt man Akrobatik und Nervenkitzel der Extraklasse.<\/p>\n<p>Mehr unter: <a href=\"http:\/\/www.internationale-bodenseewoche.com\/\" target=\"_blank\">Bodenseewoche Homepage<\/a><\/p>\n<\/div>\n<\/div><div class=\"fusion-clearfix\"><\/div><\/div><\/div><\/div><\/div>\n","protected":false},"excerpt":{"rendered":"","protected":false},"author":2,"featured_media":0,"parent":346,"menu_order":0,"comment_status":"closed","ping_status":"closed","template":"side-navigation.php","meta":{"footnotes":""},"class_list":["post-865","page","type-page","status-publish","hentry"],"_links":{"self":[{"href":"https:\/\/deutsch-schweizerischer-motorboot-club.de\/dsmc-v2\/index.php?rest_route=\/wp\/v2\/pages\/865","targetHints":{"allow":["GET"]}}],"collection":[{"href":"https:\/\/deutsch-schweizerischer-motorboot-club.de\/dsmc-v2\/index.php?rest_route=\/wp\/v2\/pages"}],"about":[{"href":"https:\/\/deutsch-schweizerischer-motorboot-club.de\/dsmc-v2\/index.php?rest_route=\/wp\/v2\/types\/page"}],"author":[{"embeddable":true,"href":"https:\/\/deutsch-schweizerischer-motorboot-club.de\/dsmc-v2\/index.php?rest_route=\/wp\/v2\/users\/2"}],"replies":[{"embeddable":true,"href":"https:\/\/deutsch-schweizerischer-motorboot-club.de\/dsmc-v2\/index.php?rest_route=%2Fwp%2Fv2%2Fcomments&post=865"}],"version-history":[{"count":5,"href":"https:\/\/deutsch-schweizerischer-motorboot-club.de\/dsmc-v2\/index.php?rest_route=\/wp\/v2\/pages\/865\/revisions"}],"predecessor-version":[{"id":4365,"href":"https:\/\/deutsch-schweizerischer-motorboot-club.de\/dsmc-v2\/index.php?rest_route=\/wp\/v2\/pages\/865\/revisions\/4365"}],"up":[{"embeddable":true,"href":"https:\/\/deutsch-schweizerischer-motorboot-club.de\/dsmc-v2\/index.php?rest_route=\/wp\/v2\/pages\/346"}],"wp:attachment":[{"href":"https:\/\/deutsch-schweizerischer-motorboot-club.de\/dsmc-v2\/index.php?rest_route=%2Fwp%2Fv2%2Fmedia&parent=865"}],"curies":[{"name":"wp","href":"https:\/\/api.w.org\/{rel}","templated":true}]}}