{"id":460,"date":"2016-04-24T11:38:45","date_gmt":"2016-04-24T09:38:45","guid":{"rendered":"http:\/\/deutsch-schweizerischer-motorboot-club.de\/dsmc-v2\/?page_id=460"},"modified":"2022-05-05T16:52:25","modified_gmt":"2022-05-05T14:52:25","slug":"wasser-ski-show","status":"publish","type":"page","link":"https:\/\/deutsch-schweizerischer-motorboot-club.de\/dsmc-v2\/?page_id=460","title":{"rendered":"Wasserski-Show"},"content":{"rendered":"<div class=\"fusion-fullwidth fullwidth-box fusion-builder-row-1 nonhundred-percent-fullwidth non-hundred-percent-height-scrolling\" style=\"--awb-background-position:left top;--awb-border-sizes-top:0px;--awb-border-sizes-bottom:0px;--awb-border-sizes-left:0px;--awb-border-sizes-right:0px;--awb-border-radius-top-left:0px;--awb-border-radius-top-right:0px;--awb-border-radius-bottom-right:0px;--awb-border-radius-bottom-left:0px;--awb-padding-right:10%;--awb-padding-bottom:20px;--awb-padding-left:10%;--awb-flex-wrap:wrap;\" ><div class=\"fusion-builder-row fusion-row\"><div class=\"fusion-layout-column fusion_builder_column fusion-builder-column-0 fusion_builder_column_1_1 1_1 fusion-one-full fusion-column-first fusion-column-last fusion-column-no-min-height\" style=\"--awb-bg-size:cover;--awb-margin-bottom:0px;\"><div class=\"fusion-column-wrapper fusion-flex-column-wrapper-legacy\"><div class=\"fusion-text fusion-text-1\"><h2>Wasserski-Show<\/h2>\n<p>Die DSMC-Wasserski-Show ist eine Gruppe von etwa 30 Akteuren unterschiedlichen Alters, die Teil der Wasserski-Sektion innerhalb des Deutsch-Schweizerischen Motorboot-Clubs e.V. mit seinen \u00fcber 600 Mitgliedern ist.<\/p>\n<div class=\"entry\">\n<p>Eine Wasserski-Show besteht in der Regel aus etwa 8-12 einzelnen Nummern und wird zus\u00e4tzlich durch einen Kommentator begleitet und mit Musik untermalt. Je nach Nummer sind bis zu 12 L\u00e4ufer gleichzeitig hinter einem Zugboot auf dem Wasser.<\/p>\n<p>Geboten werden Monoski, Wakeboard, Barfu\u00dffahren, Wasserski-Teller, Clown-Nummern, Wasserskiballett, Fahnen und Segelparaden, \u201earound the boat\u201c, verschiedene Pyramiden und viele weitere teils akrobatisch und teils am\u00fcsante Showelemente.<br \/>\nJe nach Situation, kann auch eine mobile Wasserski-Sprungschanze zum Einsatz kommen, die Tricks und Distanzspr\u00fcnge bis ca. 30 Metern erm\u00f6glicht.<\/p>\n<style type=\"text\/css\">\n#foogallery-gallery-983.fg-justified .fg-item { margin-right: 1px; margin-bottom: 1px; }\n#foogallery-gallery-983.fg-justified .fg-image { height: 150px; }<\/style>\n\t\t\t<style type=\"text\/css\">\n#foogallery-gallery-983_1.fg-justified .fg-item { margin-right: 1px; margin-bottom: 1px; }\n#foogallery-gallery-983_1.fg-justified .fg-image { height: 150px; }<\/style>\n\t\t\t<div class=\"foogallery foogallery-container foogallery-justified foogallery-lightbox-foogallery fg-justified fg-ready fg-light fg-loading-default fg-loaded-fade-in fg-hover-fade\" id=\"foogallery-gallery-983_1\" data-foogallery=\"{&quot;item&quot;:{&quot;showCaptionTitle&quot;:true,&quot;showCaptionDescription&quot;:false},&quot;lazy&quot;:true,&quot;template&quot;:{&quot;rowHeight&quot;:150,&quot;maxRowHeight&quot;:250,&quot;margins&quot;:1,&quot;align&quot;:&quot;center&quot;,&quot;lastRow&quot;:&quot;smart&quot;}}\" data-foogallery-lightbox=\"{&quot;thumbs&quot;:&quot;bottom&quot;,&quot;thumbsCaptions&quot;:false,&quot;thumbsBestFit&quot;:false,&quot;thumbsSmall&quot;:false,&quot;thumbsCaptionsAlign&quot;:&quot;default&quot;,&quot;info&quot;:&quot;bottom&quot;,&quot;infoVisible&quot;:true,&quot;infoOverlay&quot;:true,&quot;infoAlign&quot;:&quot;default&quot;,&quot;transition&quot;:&quot;fade&quot;,&quot;hoverButtons&quot;:false,&quot;fitMedia&quot;:false,&quot;noScrollbars&quot;:true,&quot;preserveButtonSpace&quot;:true,&quot;video&quot;:{&quot;autoPlay&quot;:true}}\" style=\"--fg-title-line-clamp: 0; --fg-description-line-clamp: 0;\" >\n\t<div class=\"fg-item fg-type-image fg-idle\"><figure class=\"fg-item-inner\"><a href=\"https:\/\/deutsch-schweizerischer-motorboot-club.de\/dsmc-v2\/wp-content\/uploads\/2016\/06\/mg_8312.jpg\" data-attachment-id=\"984\" data-type=\"image\" class=\"fg-thumb\"><span class=\"fg-image-wrap\"><img decoding=\"async\" height=\"250\" width=\"167\" class=\"skip-lazy fg-image\" data-src-fg=\"https:\/\/deutsch-schweizerischer-motorboot-club.de\/dsmc-v2\/wp-content\/uploads\/cache\/2016\/06\/mg_8312\/2360169761.jpg\" src=\"data:image\/svg+xml,%3Csvg%20xmlns%3D%22http%3A%2F%2Fwww.w3.org%2F2000%2Fsvg%22%20width%3D%22167%22%20height%3D%22250%22%20viewBox%3D%220%200%20167%20250%22%3E%3C%2Fsvg%3E\" loading=\"eager\"><\/span><span class=\"fg-image-overlay\"><\/span><\/a><\/figure><div class=\"fg-loader\"><\/div><\/div><div class=\"fg-item fg-type-image fg-idle\"><figure class=\"fg-item-inner\"><a href=\"https:\/\/deutsch-schweizerischer-motorboot-club.de\/dsmc-v2\/wp-content\/uploads\/2016\/06\/mg_7557.jpg\" data-attachment-id=\"985\" data-type=\"image\" class=\"fg-thumb\"><span class=\"fg-image-wrap\"><img fetchpriority=\"high\" decoding=\"async\" height=\"250\" width=\"375\" class=\"skip-lazy fg-image\" data-src-fg=\"https:\/\/deutsch-schweizerischer-motorboot-club.de\/dsmc-v2\/wp-content\/uploads\/cache\/2016\/06\/mg_7557\/2046199173.jpg\" src=\"data:image\/svg+xml,%3Csvg%20xmlns%3D%22http%3A%2F%2Fwww.w3.org%2F2000%2Fsvg%22%20width%3D%22375%22%20height%3D%22250%22%20viewBox%3D%220%200%20375%20250%22%3E%3C%2Fsvg%3E\" loading=\"eager\"><\/span><span class=\"fg-image-overlay\"><\/span><\/a><\/figure><div class=\"fg-loader\"><\/div><\/div><div class=\"fg-item fg-type-image fg-idle\"><figure class=\"fg-item-inner\"><a href=\"https:\/\/deutsch-schweizerischer-motorboot-club.de\/dsmc-v2\/wp-content\/uploads\/2016\/06\/mg_8374.jpg\" data-attachment-id=\"986\" data-type=\"image\" class=\"fg-thumb\"><span class=\"fg-image-wrap\"><img decoding=\"async\" height=\"250\" width=\"375\" class=\"skip-lazy fg-image\" data-src-fg=\"https:\/\/deutsch-schweizerischer-motorboot-club.de\/dsmc-v2\/wp-content\/uploads\/cache\/2016\/06\/mg_8374\/3300537270.jpg\" src=\"data:image\/svg+xml,%3Csvg%20xmlns%3D%22http%3A%2F%2Fwww.w3.org%2F2000%2Fsvg%22%20width%3D%22375%22%20height%3D%22250%22%20viewBox%3D%220%200%20375%20250%22%3E%3C%2Fsvg%3E\" loading=\"eager\"><\/span><span class=\"fg-image-overlay\"><\/span><\/a><\/figure><div class=\"fg-loader\"><\/div><\/div><div class=\"fg-item fg-type-image fg-idle\"><figure class=\"fg-item-inner\"><a href=\"https:\/\/deutsch-schweizerischer-motorboot-club.de\/dsmc-v2\/wp-content\/uploads\/2016\/06\/mg_8431.jpg\" data-attachment-id=\"987\" data-type=\"image\" class=\"fg-thumb\"><span class=\"fg-image-wrap\"><img decoding=\"async\" height=\"250\" width=\"375\" class=\"skip-lazy fg-image\" data-src-fg=\"https:\/\/deutsch-schweizerischer-motorboot-club.de\/dsmc-v2\/wp-content\/uploads\/cache\/2016\/06\/mg_8431\/1306229994.jpg\" src=\"data:image\/svg+xml,%3Csvg%20xmlns%3D%22http%3A%2F%2Fwww.w3.org%2F2000%2Fsvg%22%20width%3D%22375%22%20height%3D%22250%22%20viewBox%3D%220%200%20375%20250%22%3E%3C%2Fsvg%3E\" loading=\"eager\"><\/span><span class=\"fg-image-overlay\"><\/span><\/a><\/figure><div class=\"fg-loader\"><\/div><\/div><div class=\"fg-item fg-type-image fg-idle\"><figure class=\"fg-item-inner\"><a href=\"https:\/\/deutsch-schweizerischer-motorboot-club.de\/dsmc-v2\/wp-content\/uploads\/2016\/06\/mg_8831.jpg\" data-attachment-id=\"988\" data-type=\"image\" class=\"fg-thumb\"><span class=\"fg-image-wrap\"><img decoding=\"async\" height=\"250\" width=\"375\" class=\"skip-lazy fg-image\" data-src-fg=\"https:\/\/deutsch-schweizerischer-motorboot-club.de\/dsmc-v2\/wp-content\/uploads\/cache\/2016\/06\/mg_8831\/3068918828.jpg\" src=\"data:image\/svg+xml,%3Csvg%20xmlns%3D%22http%3A%2F%2Fwww.w3.org%2F2000%2Fsvg%22%20width%3D%22375%22%20height%3D%22250%22%20viewBox%3D%220%200%20375%20250%22%3E%3C%2Fsvg%3E\" loading=\"eager\"><\/span><span class=\"fg-image-overlay\"><\/span><\/a><\/figure><div class=\"fg-loader\"><\/div><\/div><div class=\"fg-item fg-type-image fg-idle\"><figure class=\"fg-item-inner\"><a href=\"https:\/\/deutsch-schweizerischer-motorboot-club.de\/dsmc-v2\/wp-content\/uploads\/2016\/06\/mg_8861.jpg\" data-attachment-id=\"989\" data-type=\"image\" class=\"fg-thumb\"><span class=\"fg-image-wrap\"><img decoding=\"async\" height=\"250\" width=\"375\" class=\"skip-lazy fg-image\" data-src-fg=\"https:\/\/deutsch-schweizerischer-motorboot-club.de\/dsmc-v2\/wp-content\/uploads\/cache\/2016\/06\/mg_8861\/2194518574.jpg\" src=\"data:image\/svg+xml,%3Csvg%20xmlns%3D%22http%3A%2F%2Fwww.w3.org%2F2000%2Fsvg%22%20width%3D%22375%22%20height%3D%22250%22%20viewBox%3D%220%200%20375%20250%22%3E%3C%2Fsvg%3E\" loading=\"eager\"><\/span><span class=\"fg-image-overlay\"><\/span><\/a><\/figure><div class=\"fg-loader\"><\/div><\/div><div class=\"fg-item fg-type-image fg-idle\"><figure class=\"fg-item-inner\"><a href=\"https:\/\/deutsch-schweizerischer-motorboot-club.de\/dsmc-v2\/wp-content\/uploads\/2016\/06\/mg_8870.jpg\" data-attachment-id=\"990\" data-type=\"image\" class=\"fg-thumb\"><span class=\"fg-image-wrap\"><img decoding=\"async\" height=\"250\" width=\"375\" class=\"skip-lazy fg-image\" data-src-fg=\"https:\/\/deutsch-schweizerischer-motorboot-club.de\/dsmc-v2\/wp-content\/uploads\/cache\/2016\/06\/mg_8870\/1825863538.jpg\" src=\"data:image\/svg+xml,%3Csvg%20xmlns%3D%22http%3A%2F%2Fwww.w3.org%2F2000%2Fsvg%22%20width%3D%22375%22%20height%3D%22250%22%20viewBox%3D%220%200%20375%20250%22%3E%3C%2Fsvg%3E\" loading=\"eager\"><\/span><span class=\"fg-image-overlay\"><\/span><\/a><\/figure><div class=\"fg-loader\"><\/div><\/div><div class=\"fg-item fg-type-image fg-idle\"><figure class=\"fg-item-inner\"><a href=\"https:\/\/deutsch-schweizerischer-motorboot-club.de\/dsmc-v2\/wp-content\/uploads\/2016\/06\/mg_9351.jpg\" data-attachment-id=\"991\" data-type=\"image\" class=\"fg-thumb\"><span class=\"fg-image-wrap\"><img decoding=\"async\" height=\"250\" width=\"375\" class=\"skip-lazy fg-image\" data-src-fg=\"https:\/\/deutsch-schweizerischer-motorboot-club.de\/dsmc-v2\/wp-content\/uploads\/cache\/2016\/06\/mg_9351\/3377950736.jpg\" src=\"data:image\/svg+xml,%3Csvg%20xmlns%3D%22http%3A%2F%2Fwww.w3.org%2F2000%2Fsvg%22%20width%3D%22375%22%20height%3D%22250%22%20viewBox%3D%220%200%20375%20250%22%3E%3C%2Fsvg%3E\" loading=\"eager\"><\/span><span class=\"fg-image-overlay\"><\/span><\/a><\/figure><div class=\"fg-loader\"><\/div><\/div><div class=\"fg-item fg-type-image fg-idle\"><figure class=\"fg-item-inner\"><a href=\"https:\/\/deutsch-schweizerischer-motorboot-club.de\/dsmc-v2\/wp-content\/uploads\/2016\/06\/mg_9216.jpg\" data-attachment-id=\"992\" data-type=\"image\" class=\"fg-thumb\"><span class=\"fg-image-wrap\"><img decoding=\"async\" height=\"250\" width=\"375\" class=\"skip-lazy fg-image\" data-src-fg=\"https:\/\/deutsch-schweizerischer-motorboot-club.de\/dsmc-v2\/wp-content\/uploads\/cache\/2016\/06\/mg_9216\/4067385068.jpg\" src=\"data:image\/svg+xml,%3Csvg%20xmlns%3D%22http%3A%2F%2Fwww.w3.org%2F2000%2Fsvg%22%20width%3D%22375%22%20height%3D%22250%22%20viewBox%3D%220%200%20375%20250%22%3E%3C%2Fsvg%3E\" loading=\"eager\"><\/span><span class=\"fg-image-overlay\"><\/span><\/a><\/figure><div class=\"fg-loader\"><\/div><\/div><div class=\"fg-item fg-type-image fg-idle\"><figure class=\"fg-item-inner\"><a href=\"https:\/\/deutsch-schweizerischer-motorboot-club.de\/dsmc-v2\/wp-content\/uploads\/2016\/06\/mg_9274.jpg\" data-attachment-id=\"994\" data-type=\"image\" class=\"fg-thumb\"><span class=\"fg-image-wrap\"><img decoding=\"async\" height=\"250\" width=\"375\" class=\"skip-lazy fg-image\" data-src-fg=\"https:\/\/deutsch-schweizerischer-motorboot-club.de\/dsmc-v2\/wp-content\/uploads\/cache\/2016\/06\/mg_9274\/528948724.jpg\" src=\"data:image\/svg+xml,%3Csvg%20xmlns%3D%22http%3A%2F%2Fwww.w3.org%2F2000%2Fsvg%22%20width%3D%22375%22%20height%3D%22250%22%20viewBox%3D%220%200%20375%20250%22%3E%3C%2Fsvg%3E\" loading=\"eager\"><\/span><span class=\"fg-image-overlay\"><\/span><\/a><\/figure><div class=\"fg-loader\"><\/div><\/div><div class=\"fg-item fg-type-image fg-idle\"><figure class=\"fg-item-inner\"><a href=\"https:\/\/deutsch-schweizerischer-motorboot-club.de\/dsmc-v2\/wp-content\/uploads\/2016\/06\/mg_3532.jpg\" data-attachment-id=\"1024\" data-type=\"image\" class=\"fg-thumb\"><span class=\"fg-image-wrap\"><img decoding=\"async\" height=\"250\" width=\"375\" class=\"skip-lazy fg-image\" data-src-fg=\"https:\/\/deutsch-schweizerischer-motorboot-club.de\/dsmc-v2\/wp-content\/uploads\/cache\/2016\/06\/mg_3532\/2811291563.jpg\" src=\"data:image\/svg+xml,%3Csvg%20xmlns%3D%22http%3A%2F%2Fwww.w3.org%2F2000%2Fsvg%22%20width%3D%22375%22%20height%3D%22250%22%20viewBox%3D%220%200%20375%20250%22%3E%3C%2Fsvg%3E\" loading=\"eager\"><\/span><span class=\"fg-image-overlay\"><\/span><\/a><\/figure><div class=\"fg-loader\"><\/div><\/div><div class=\"fg-item fg-type-image fg-idle\"><figure class=\"fg-item-inner\"><a href=\"https:\/\/deutsch-schweizerischer-motorboot-club.de\/dsmc-v2\/wp-content\/uploads\/2016\/06\/mg_3540.jpg\" data-attachment-id=\"1025\" data-type=\"image\" class=\"fg-thumb\"><span class=\"fg-image-wrap\"><img decoding=\"async\" height=\"250\" width=\"429\" class=\"skip-lazy fg-image\" data-src-fg=\"https:\/\/deutsch-schweizerischer-motorboot-club.de\/dsmc-v2\/wp-content\/uploads\/cache\/2016\/06\/mg_3540\/4284843602.jpg\" src=\"data:image\/svg+xml,%3Csvg%20xmlns%3D%22http%3A%2F%2Fwww.w3.org%2F2000%2Fsvg%22%20width%3D%22429%22%20height%3D%22250%22%20viewBox%3D%220%200%20429%20250%22%3E%3C%2Fsvg%3E\" loading=\"eager\"><\/span><span class=\"fg-image-overlay\"><\/span><\/a><\/figure><div class=\"fg-loader\"><\/div><\/div><div class=\"fg-item fg-type-image fg-idle\"><figure class=\"fg-item-inner\"><a href=\"https:\/\/deutsch-schweizerischer-motorboot-club.de\/dsmc-v2\/wp-content\/uploads\/2016\/06\/mg_3594.jpg\" data-attachment-id=\"1026\" data-type=\"image\" class=\"fg-thumb\"><span class=\"fg-image-wrap\"><img decoding=\"async\" height=\"250\" width=\"278\" class=\"skip-lazy fg-image\" data-src-fg=\"https:\/\/deutsch-schweizerischer-motorboot-club.de\/dsmc-v2\/wp-content\/uploads\/cache\/2016\/06\/mg_3594\/162755112.jpg\" src=\"data:image\/svg+xml,%3Csvg%20xmlns%3D%22http%3A%2F%2Fwww.w3.org%2F2000%2Fsvg%22%20width%3D%22278%22%20height%3D%22250%22%20viewBox%3D%220%200%20278%20250%22%3E%3C%2Fsvg%3E\" loading=\"eager\"><\/span><span class=\"fg-image-overlay\"><\/span><\/a><\/figure><div class=\"fg-loader\"><\/div><\/div><div class=\"fg-item fg-type-image fg-idle\"><figure class=\"fg-item-inner\"><a href=\"https:\/\/deutsch-schweizerischer-motorboot-club.de\/dsmc-v2\/wp-content\/uploads\/2016\/08\/ZM6A8958.jpeg\" data-attachment-id=\"3954\" data-type=\"image\" class=\"fg-thumb\"><span class=\"fg-image-wrap\"><img decoding=\"async\" height=\"250\" width=\"375\" class=\"skip-lazy fg-image\" data-src-fg=\"https:\/\/deutsch-schweizerischer-motorboot-club.de\/dsmc-v2\/wp-content\/uploads\/cache\/2016\/08\/ZM6A8958\/4211635740.jpeg\" src=\"data:image\/svg+xml,%3Csvg%20xmlns%3D%22http%3A%2F%2Fwww.w3.org%2F2000%2Fsvg%22%20width%3D%22375%22%20height%3D%22250%22%20viewBox%3D%220%200%20375%20250%22%3E%3C%2Fsvg%3E\" loading=\"eager\"><\/span><span class=\"fg-image-overlay\"><\/span><\/a><\/figure><div class=\"fg-loader\"><\/div><\/div><div class=\"fg-item fg-type-image fg-idle\"><figure class=\"fg-item-inner\"><a href=\"https:\/\/deutsch-schweizerischer-motorboot-club.de\/dsmc-v2\/wp-content\/uploads\/2016\/08\/ZM6A8894.jpeg\" data-attachment-id=\"3947\" data-type=\"image\" class=\"fg-thumb\"><span class=\"fg-image-wrap\"><img decoding=\"async\" height=\"250\" width=\"375\" class=\"skip-lazy fg-image\" data-src-fg=\"https:\/\/deutsch-schweizerischer-motorboot-club.de\/dsmc-v2\/wp-content\/uploads\/cache\/2016\/08\/ZM6A8894\/1277248168.jpeg\" src=\"data:image\/svg+xml,%3Csvg%20xmlns%3D%22http%3A%2F%2Fwww.w3.org%2F2000%2Fsvg%22%20width%3D%22375%22%20height%3D%22250%22%20viewBox%3D%220%200%20375%20250%22%3E%3C%2Fsvg%3E\" loading=\"eager\"><\/span><span class=\"fg-image-overlay\"><\/span><\/a><\/figure><div class=\"fg-loader\"><\/div><\/div><div class=\"fg-item fg-type-image fg-idle\"><figure class=\"fg-item-inner\"><a href=\"https:\/\/deutsch-schweizerischer-motorboot-club.de\/dsmc-v2\/wp-content\/uploads\/2021\/05\/pyramide2021.jpg\" data-attachment-id=\"8306\" data-type=\"image\" class=\"fg-thumb\"><span class=\"fg-image-wrap\"><img decoding=\"async\" height=\"250\" width=\"253\" class=\"skip-lazy fg-image\" data-src-fg=\"https:\/\/deutsch-schweizerischer-motorboot-club.de\/dsmc-v2\/wp-content\/uploads\/cache\/2021\/05\/pyramide2021\/4074172996.jpg\" src=\"data:image\/svg+xml,%3Csvg%20xmlns%3D%22http%3A%2F%2Fwww.w3.org%2F2000%2Fsvg%22%20width%3D%22253%22%20height%3D%22250%22%20viewBox%3D%220%200%20253%20250%22%3E%3C%2Fsvg%3E\" loading=\"eager\"><\/span><span class=\"fg-image-overlay\"><\/span><\/a><\/figure><div class=\"fg-loader\"><\/div><\/div><div class=\"fg-item fg-type-image fg-idle\"><figure class=\"fg-item-inner\"><a href=\"https:\/\/deutsch-schweizerischer-motorboot-club.de\/dsmc-v2\/wp-content\/uploads\/2021\/05\/sixinarow2021.jpg\" data-attachment-id=\"8307\" data-type=\"image\" class=\"fg-thumb\"><span class=\"fg-image-wrap\"><img decoding=\"async\" height=\"250\" width=\"625\" class=\"skip-lazy fg-image\" data-src-fg=\"https:\/\/deutsch-schweizerischer-motorboot-club.de\/dsmc-v2\/wp-content\/uploads\/cache\/2021\/05\/sixinarow2021\/2416055566.jpg\" src=\"data:image\/svg+xml,%3Csvg%20xmlns%3D%22http%3A%2F%2Fwww.w3.org%2F2000%2Fsvg%22%20width%3D%22625%22%20height%3D%22250%22%20viewBox%3D%220%200%20625%20250%22%3E%3C%2Fsvg%3E\" loading=\"eager\"><\/span><span class=\"fg-image-overlay\"><\/span><\/a><\/figure><div class=\"fg-loader\"><\/div><\/div><\/div>\n\n<p>&nbsp;<\/p>\n<p>Wenn immer m\u00f6glich wird eine schwimmende Showb\u00fchne ( <a href=\"http:\/\/www.event-pontons.com\/\">www.event-pontons.com<\/a> ) im Sichtbereich des Publikums eingesetzt. Je nach Einsatzort und M\u00f6glichkeiten des Reviers wird diese einerseits als Startsteg f\u00fcr die Wasserskil\u00e4ufer und andererseits als Beschallungsplattform benutzt. Wenn diese schwimmende Showb\u00fchne nicht eingesetzt werden kann, wird landseitig ein PKW-Anh\u00e4nger aufgestellt, auf dem die Beschallungsanlage installiert ist. Als Startsteg wird dann z.B. unser motorisiertes Floss genutzt, das an beliebigen Orten befestigt werden kann oder aber nur auf dem See schwimmt, sodass eine Wasserski-Show auch rund um ein Passagierschiff (z.B. Passagierschiffe der BSB) realisiert werden kann.<\/p>\n<p>Seit 2003 f\u00fchren wir, abh\u00e4ngig vom Revier und der Genehmigungslage, eine Wasserski-Show von ca. 30 Minuten auch bei Dunkelheit durch.<br \/>\nIn zwei Wasserski-Skibooten werden leistungsstarke Verfolgungsscheinwerfer mit einer enormen Lichtleistung (90.000 Lumen) eingesetzt. Dabei werden die L\u00e4ufer aus den Zugbooten heraus mit diesen Verfolgungsscheinwerfern beleuchtet. Damit wird eine ph\u00e4nomenale Ausleuchtung des Wassers und der L\u00e4ufer erreicht \u2013 mit einer einzigartigen Wirkung auf die Zuschauer.<\/p>\n<p>Wir sind immer offen f\u00fcr Neues und gehen auch gerne auf individuelle W\u00fcnsche ein und geben so der Wasserski-Show einen unvergesslichen Charakter.<\/p>\n<\/div>\n<\/div><div class=\"fusion-clearfix\"><\/div><\/div><\/div><div class=\"fusion-layout-column fusion_builder_column fusion-builder-column-1 fusion_builder_column_1_1 1_1 fusion-one-full fusion-column-first fusion-column-last fusion-column-no-min-height\" style=\"--awb-bg-size:cover;--awb-margin-bottom:0px;\"><div class=\"fusion-column-wrapper fusion-flex-column-wrapper-legacy\"><div class=\"fusion-title title fusion-title-1 fusion-title-center fusion-title-text fusion-title-size-two\"><div class=\"title-sep-container title-sep-container-left\"><div class=\"title-sep sep-single sep-solid\" style=\"border-color:#e0dede;\"><\/div><\/div><span class=\"awb-title-spacer\"><\/span><h2 class=\"fusion-title-heading title-heading-center fusion-responsive-typography-calculated\" style=\"margin:0;--fontSize:20;--minFontSize:20;line-height:1.5;\">Buchen Sie uns<\/h2><span class=\"awb-title-spacer\"><\/span><div class=\"title-sep-container title-sep-container-right\"><div class=\"title-sep sep-single sep-solid\" style=\"border-color:#e0dede;\"><\/div><\/div><\/div><div class=\"fusion-text fusion-text-2\"><p>Interessiert an einer Show?<\/p>\n<div class=\"entry\">\n<p>Dann setzen Sie sich mit uns in Verbindung<\/p>\n<p>Sebastian Folk: <a href=\"mailto:wsshow@dsmc.de\">wsshow@dsmc.de<\/a><\/p>\n<\/div>\n<\/div><div class=\"fusion-clearfix\"><\/div><\/div><\/div><\/div><\/div>\n","protected":false},"excerpt":{"rendered":"","protected":false},"author":2,"featured_media":0,"parent":16,"menu_order":0,"comment_status":"closed","ping_status":"closed","template":"side-navigation.php","meta":{"footnotes":""},"class_list":["post-460","page","type-page","status-publish","hentry"],"_links":{"self":[{"href":"https:\/\/deutsch-schweizerischer-motorboot-club.de\/dsmc-v2\/index.php?rest_route=\/wp\/v2\/pages\/460","targetHints":{"allow":["GET"]}}],"collection":[{"href":"https:\/\/deutsch-schweizerischer-motorboot-club.de\/dsmc-v2\/index.php?rest_route=\/wp\/v2\/pages"}],"about":[{"href":"https:\/\/deutsch-schweizerischer-motorboot-club.de\/dsmc-v2\/index.php?rest_route=\/wp\/v2\/types\/page"}],"author":[{"embeddable":true,"href":"https:\/\/deutsch-schweizerischer-motorboot-club.de\/dsmc-v2\/index.php?rest_route=\/wp\/v2\/users\/2"}],"replies":[{"embeddable":true,"href":"https:\/\/deutsch-schweizerischer-motorboot-club.de\/dsmc-v2\/index.php?rest_route=%2Fwp%2Fv2%2Fcomments&post=460"}],"version-history":[{"count":13,"href":"https:\/\/deutsch-schweizerischer-motorboot-club.de\/dsmc-v2\/index.php?rest_route=\/wp\/v2\/pages\/460\/revisions"}],"predecessor-version":[{"id":3962,"href":"https:\/\/deutsch-schweizerischer-motorboot-club.de\/dsmc-v2\/index.php?rest_route=\/wp\/v2\/pages\/460\/revisions\/3962"}],"up":[{"embeddable":true,"href":"https:\/\/deutsch-schweizerischer-motorboot-club.de\/dsmc-v2\/index.php?rest_route=\/wp\/v2\/pages\/16"}],"wp:attachment":[{"href":"https:\/\/deutsch-schweizerischer-motorboot-club.de\/dsmc-v2\/index.php?rest_route=%2Fwp%2Fv2%2Fmedia&parent=460"}],"curies":[{"name":"wp","href":"https:\/\/api.w.org\/{rel}","templated":true}]}}