{"id":42,"date":"2015-09-14T10:34:17","date_gmt":"2015-09-14T10:34:17","guid":{"rendered":"http:\/\/deutsch-schweizerischer-motorboot-club.de\/dsmc-v2\/?page_id=42"},"modified":"2020-07-24T16:18:35","modified_gmt":"2020-07-24T14:18:35","slug":"mitglied-werden","status":"publish","type":"page","link":"https:\/\/deutsch-schweizerischer-motorboot-club.de\/dsmc-v2\/?page_id=42","title":{"rendered":"Mitglied werden"},"content":{"rendered":"<div class=\"fusion-fullwidth fullwidth-box fusion-builder-row-1 nonhundred-percent-fullwidth non-hundred-percent-height-scrolling\" style=\"--awb-border-radius-top-left:0px;--awb-border-radius-top-right:0px;--awb-border-radius-bottom-right:0px;--awb-border-radius-bottom-left:0px;--awb-padding-right:10%;--awb-padding-left:10%;--awb-flex-wrap:wrap;\" ><div class=\"fusion-builder-row fusion-row\"><div class=\"fusion-layout-column fusion_builder_column fusion-builder-column-0 fusion_builder_column_1_1 1_1 fusion-one-full fusion-column-first fusion-column-last\" style=\"--awb-bg-size:cover;--awb-margin-bottom:0px;\"><div class=\"fusion-column-wrapper fusion-flex-column-wrapper-legacy\"><div class=\"fusion-text fusion-text-1\"><h2>Mitglied werden<\/h2>\n<div>Um Mitglied zu werden, solltet ihr Spass am Segeln haben und regelm\u00e4ssig am Training teilnehmen. Ihr solltet mindestens ca. 6 Jahre sein und schon schwimmen k\u00f6nnen. Gef\u00e4llt es euch bei uns, ein Trainingsplatz ist frei, und ihr wollt dauerhaft am Training teilnehmen, dann m\u00fcsst ihr das folgenden Formular ausf\u00fcllen und bei unserem Jugendleiter abgeben.<\/div>\n<\/p>\n<div><a href=\"http:\/\/deutsch-schweizerischer-motorboot-club.de\/dsmc-v2\/wp-content\/uploads\/2016\/11\/DSMC_Antrag_Jugend.pdf\" target=\"_blank\" rel=\"noopener noreferrer\">Anmeldeformular f\u00fcr Jugendliche (pdf)<\/a><\/div>\n<\/div><div class=\"fusion-clearfix\"><\/div><\/div><\/div><\/div><\/div>\n","protected":false},"excerpt":{"rendered":"","protected":false},"author":1,"featured_media":0,"parent":18,"menu_order":60,"comment_status":"closed","ping_status":"closed","template":"side-navigation.php","meta":{"footnotes":""},"class_list":["post-42","page","type-page","status-publish","hentry"],"_links":{"self":[{"href":"https:\/\/deutsch-schweizerischer-motorboot-club.de\/dsmc-v2\/index.php?rest_route=\/wp\/v2\/pages\/42","targetHints":{"allow":["GET"]}}],"collection":[{"href":"https:\/\/deutsch-schweizerischer-motorboot-club.de\/dsmc-v2\/index.php?rest_route=\/wp\/v2\/pages"}],"about":[{"href":"https:\/\/deutsch-schweizerischer-motorboot-club.de\/dsmc-v2\/index.php?rest_route=\/wp\/v2\/types\/page"}],"author":[{"embeddable":true,"href":"https:\/\/deutsch-schweizerischer-motorboot-club.de\/dsmc-v2\/index.php?rest_route=\/wp\/v2\/users\/1"}],"replies":[{"embeddable":true,"href":"https:\/\/deutsch-schweizerischer-motorboot-club.de\/dsmc-v2\/index.php?rest_route=%2Fwp%2Fv2%2Fcomments&post=42"}],"version-history":[{"count":11,"href":"https:\/\/deutsch-schweizerischer-motorboot-club.de\/dsmc-v2\/index.php?rest_route=\/wp\/v2\/pages\/42\/revisions"}],"predecessor-version":[{"id":8184,"href":"https:\/\/deutsch-schweizerischer-motorboot-club.de\/dsmc-v2\/index.php?rest_route=\/wp\/v2\/pages\/42\/revisions\/8184"}],"up":[{"embeddable":true,"href":"https:\/\/deutsch-schweizerischer-motorboot-club.de\/dsmc-v2\/index.php?rest_route=\/wp\/v2\/pages\/18"}],"wp:attachment":[{"href":"https:\/\/deutsch-schweizerischer-motorboot-club.de\/dsmc-v2\/index.php?rest_route=%2Fwp%2Fv2%2Fmedia&parent=42"}],"curies":[{"name":"wp","href":"https:\/\/api.w.org\/{rel}","templated":true}]}}