{"id":25,"date":"2015-09-14T10:09:23","date_gmt":"2015-09-14T10:09:23","guid":{"rendered":"http:\/\/deutsch-schweizerischer-motorboot-club.de\/dsmc-v2\/?page_id=25"},"modified":"2018-03-30T18:19:03","modified_gmt":"2018-03-30T16:19:03","slug":"der-dsmc","status":"publish","type":"page","link":"https:\/\/deutsch-schweizerischer-motorboot-club.de\/dsmc-v2\/?page_id=25","title":{"rendered":"\u00dcber uns"},"content":{"rendered":"<div class=\"fusion-fullwidth fullwidth-box fusion-builder-row-1 nonhundred-percent-fullwidth non-hundred-percent-height-scrolling\" style=\"--awb-background-position:left top;--awb-border-radius-top-left:0px;--awb-border-radius-top-right:0px;--awb-border-radius-bottom-right:0px;--awb-border-radius-bottom-left:0px;--awb-padding-right:10%;--awb-padding-left:10%;--awb-border-sizes-top:0px;--awb-border-sizes-bottom:0px;--awb-flex-wrap:wrap;\" ><div class=\"fusion-builder-row fusion-row\"><div class=\"fusion-layout-column fusion_builder_column fusion-builder-column-0 fusion_builder_column_1_1 1_1 fusion-one-full fusion-column-first fusion-column-last fusion-column-no-min-height\" style=\"--awb-bg-size:cover;--awb-margin-bottom:0px;\"><div class=\"fusion-column-wrapper fusion-flex-column-wrapper-legacy\"><div class=\"fusion-text fusion-text-1\"><h2 class=\"widget-title\" data-fontsize=\"18\" data-lineheight=\"27\">Willkommen\u00a0beim DSMC e.V.<\/h2>\n<p data-fontsize=\"13\" data-lineheight=\"20\">Wir freuen uns, dass Sie sich f\u00fcr unseren Club interessieren und das umfangreiche Informationsangebot des \u201cvirtuellen DSMC\u201d wahrnehmen.<\/p>\n<p data-fontsize=\"13\" data-lineheight=\"20\">Gerne begr\u00fc\u00dfen wir auch alle Wassersportler in unserem Konstanzer Hafen. Besonders freuen wir uns auf Ihre Teilnahme als aktiver Sportler oder auch als Zuschauer bei unseren j\u00e4hrlichen Saisonh\u00f6hepunkten: der \u201cInternationalen Bodenseewoche\u201d, der \u201cMidweek\u201d und der \u201cRegatta der Eisernen\u201d.<\/p>\n<p data-fontsize=\"13\" data-lineheight=\"20\">Viel Spa\u00df w\u00fcnschen wir Ihnen auch bei den spektakul\u00e4ren Wasserski-Shows vor dem Stadtgarten in Konstanz oder rund um den See. Unsere Showgruppe hat immer etwas Besonders zu bieten.<\/p>\n<p data-fontsize=\"13\" data-lineheight=\"20\">Gute Seemannschaft und viel Freude beim Wassersport<\/p>\n<\/div><div class=\"fusion-clearfix\"><\/div><\/div><\/div><\/div><\/div>\n","protected":false},"excerpt":{"rendered":"","protected":false},"author":1,"featured_media":0,"parent":0,"menu_order":20,"comment_status":"closed","ping_status":"closed","template":"side-navigation.php","meta":{"footnotes":""},"class_list":["post-25","page","type-page","status-publish","hentry"],"_links":{"self":[{"href":"https:\/\/deutsch-schweizerischer-motorboot-club.de\/dsmc-v2\/index.php?rest_route=\/wp\/v2\/pages\/25","targetHints":{"allow":["GET"]}}],"collection":[{"href":"https:\/\/deutsch-schweizerischer-motorboot-club.de\/dsmc-v2\/index.php?rest_route=\/wp\/v2\/pages"}],"about":[{"href":"https:\/\/deutsch-schweizerischer-motorboot-club.de\/dsmc-v2\/index.php?rest_route=\/wp\/v2\/types\/page"}],"author":[{"embeddable":true,"href":"https:\/\/deutsch-schweizerischer-motorboot-club.de\/dsmc-v2\/index.php?rest_route=\/wp\/v2\/users\/1"}],"replies":[{"embeddable":true,"href":"https:\/\/deutsch-schweizerischer-motorboot-club.de\/dsmc-v2\/index.php?rest_route=%2Fwp%2Fv2%2Fcomments&post=25"}],"version-history":[{"count":5,"href":"https:\/\/deutsch-schweizerischer-motorboot-club.de\/dsmc-v2\/index.php?rest_route=\/wp\/v2\/pages\/25\/revisions"}],"predecessor-version":[{"id":5695,"href":"https:\/\/deutsch-schweizerischer-motorboot-club.de\/dsmc-v2\/index.php?rest_route=\/wp\/v2\/pages\/25\/revisions\/5695"}],"wp:attachment":[{"href":"https:\/\/deutsch-schweizerischer-motorboot-club.de\/dsmc-v2\/index.php?rest_route=%2Fwp%2Fv2%2Fmedia&parent=25"}],"curies":[{"name":"wp","href":"https:\/\/api.w.org\/{rel}","templated":true}]}}